{"id":2626,"date":"2023-05-31T07:32:01","date_gmt":"2023-05-31T07:32:01","guid":{"rendered":"https:\/\/www.prb-innovation.com\/macchine\/avvolgitrici-fardellatrici\/"},"modified":"2025-07-11T15:08:45","modified_gmt":"2025-07-11T15:08:45","slug":"avvolgitrici-fardellatrici","status":"publish","type":"page","link":"https:\/\/www.prb-innovation.com\/it\/macchine\/avvolgitrici-fardellatrici\/","title":{"rendered":"Avvolgitrici\/Fardellatrici"},"content":{"rendered":"\t\t<div data-elementor-type=\"wp-page\" data-elementor-id=\"2626\" class=\"elementor elementor-2626 elementor-932\" data-elementor-post-type=\"page\">\n\t\t\t\t\t\t<section class=\"elementor-section elementor-top-section elementor-element elementor-element-e1142b5 elementor-section-stretched elementor-section-boxed elementor-section-height-default elementor-section-height-default\" data-id=\"e1142b5\" data-element_type=\"section\" data-settings=\"{&quot;stretch_section&quot;:&quot;section-stretched&quot;,&quot;background_background&quot;:&quot;classic&quot;}\">\n\t\t\t\t\t\t<div class=\"elementor-container elementor-column-gap-default\">\n\t\t\t\t\t<div class=\"elementor-column elementor-col-100 elementor-top-column elementor-element elementor-element-4889b27\" data-id=\"4889b27\" data-element_type=\"column\">\n\t\t\t<div class=\"elementor-widget-wrap elementor-element-populated\">\n\t\t\t\t\t\t<div class=\"elementor-element elementor-element-8d7edb2 elementor-widget elementor-widget-spacer\" data-id=\"8d7edb2\" data-element_type=\"widget\" data-widget_type=\"spacer.default\">\n\t\t\t\t<div class=\"elementor-widget-container\">\n\t\t\t\t\t<div class=\"elementor-spacer\">\n\t\t\t<div class=\"elementor-spacer-inner\"><\/div>\n\t\t<\/div>\n\t\t\t\t<\/div>\n\t\t\t\t<\/div>\n\t\t\t\t<div class=\"elementor-element elementor-element-a44f257 elementor-widget elementor-widget-heading\" data-id=\"a44f257\" data-element_type=\"widget\" data-widget_type=\"heading.default\">\n\t\t\t\t<div class=\"elementor-widget-container\">\n\t\t\t<h1 class=\"elementor-heading-title elementor-size-default\">AVVOLGITRICI\/FARDELLATRICI<\/h1>\t\t<\/div>\n\t\t\t\t<\/div>\n\t\t\t\t<div class=\"elementor-element elementor-element-759f83c elementor-widget elementor-widget-spacer\" data-id=\"759f83c\" data-element_type=\"widget\" data-widget_type=\"spacer.default\">\n\t\t\t\t<div class=\"elementor-widget-container\">\n\t\t\t\t\t<div class=\"elementor-spacer\">\n\t\t\t<div class=\"elementor-spacer-inner\"><\/div>\n\t\t<\/div>\n\t\t\t\t<\/div>\n\t\t\t\t<\/div>\n\t\t\t\t\t<\/div>\n\t\t<\/div>\n\t\t\t\t\t<\/div>\n\t\t<\/section>\n\t\t\t\t<section class=\"elementor-section elementor-top-section elementor-element elementor-element-b9530aa elementor-section-stretched elementor-section-boxed elementor-section-height-default elementor-section-height-default\" data-id=\"b9530aa\" data-element_type=\"section\" data-settings=\"{&quot;stretch_section&quot;:&quot;section-stretched&quot;}\">\n\t\t\t\t\t\t<div class=\"elementor-container elementor-column-gap-default\">\n\t\t\t\t\t<div class=\"elementor-column elementor-col-50 elementor-top-column elementor-element elementor-element-017c045\" data-id=\"017c045\" data-element_type=\"column\">\n\t\t\t<div class=\"elementor-widget-wrap elementor-element-populated\">\n\t\t\t\t\t\t<div class=\"elementor-element elementor-element-a20c860 elementor-widget elementor-widget-heading\" data-id=\"a20c860\" data-element_type=\"widget\" data-widget_type=\"heading.default\">\n\t\t\t\t<div class=\"elementor-widget-container\">\n\t\t\t<h3 class=\"elementor-heading-title elementor-size-default\">PENTA XE<\/h3>\t\t<\/div>\n\t\t\t\t<\/div>\n\t\t\t\t<div class=\"elementor-element elementor-element-2a17e57 elementor-widget elementor-widget-image\" data-id=\"2a17e57\" data-element_type=\"widget\" data-widget_type=\"image.default\">\n\t\t\t\t<div class=\"elementor-widget-container\">\n\t\t\t\t\t\t\t\t\t\t\t\t\t\t<a href=\"https:\/\/www.prb-innovation.com\/machines\/overwrapping-bundling-machines\/penta-xe\/\">\n\t\t\t\t\t\t\t<img fetchpriority=\"high\" decoding=\"async\" width=\"1200\" height=\"800\" src=\"https:\/\/www.prb-innovation.com\/wp-content\/uploads\/2023\/07\/penta-render-new.png\" class=\"attachment-full size-full wp-image-2569\" alt=\"\" srcset=\"https:\/\/www.prb-innovation.com\/wp-content\/uploads\/2023\/07\/penta-render-new.png 1200w, https:\/\/www.prb-innovation.com\/wp-content\/uploads\/2023\/07\/penta-render-new-300x200.png 300w, https:\/\/www.prb-innovation.com\/wp-content\/uploads\/2023\/07\/penta-render-new-1024x683.png 1024w, https:\/\/www.prb-innovation.com\/wp-content\/uploads\/2023\/07\/penta-render-new-768x512.png 768w\" sizes=\"(max-width: 1200px) 100vw, 1200px\" \/>\t\t\t\t\t\t\t\t<\/a>\n\t\t\t\t\t\t\t\t\t\t\t\t\t<\/div>\n\t\t\t\t<\/div>\n\t\t\t\t<div class=\"elementor-element elementor-element-b0d08b2 elementor-align-center elementor-widget elementor-widget-button\" data-id=\"b0d08b2\" data-element_type=\"widget\" data-widget_type=\"button.default\">\n\t\t\t\t<div class=\"elementor-widget-container\">\n\t\t\t\t\t\t\t<div class=\"elementor-button-wrapper\">\n\t\t\t\t\t<a class=\"elementor-button elementor-button-link elementor-size-lg\" href=\"https:\/\/www.prb-innovation.com\/it\/macchine\/avvolgitrici-fardellatrici\/penta-xe\/\">\n\t\t\t\t\t\t<span class=\"elementor-button-content-wrapper\">\n\t\t\t\t\t\t\t\t\t<span class=\"elementor-button-text\">SCOPRI DI PI\u00d9<\/span>\n\t\t\t\t\t<\/span>\n\t\t\t\t\t<\/a>\n\t\t\t\t<\/div>\n\t\t\t\t\t\t<\/div>\n\t\t\t\t<\/div>\n\t\t\t\t\t<\/div>\n\t\t<\/div>\n\t\t\t\t<div class=\"elementor-column elementor-col-50 elementor-top-column elementor-element elementor-element-2a824d5\" data-id=\"2a824d5\" data-element_type=\"column\">\n\t\t\t<div class=\"elementor-widget-wrap elementor-element-populated\">\n\t\t\t\t\t\t<div class=\"elementor-element elementor-element-c4d4350 elementor-widget elementor-widget-heading\" data-id=\"c4d4350\" data-element_type=\"widget\" data-widget_type=\"heading.default\">\n\t\t\t\t<div class=\"elementor-widget-container\">\n\t\t\t<h3 class=\"elementor-heading-title elementor-size-default\">FAR XE<\/h3>\t\t<\/div>\n\t\t\t\t<\/div>\n\t\t\t\t<div class=\"elementor-element elementor-element-39410fa elementor-widget elementor-widget-image\" data-id=\"39410fa\" data-element_type=\"widget\" data-widget_type=\"image.default\">\n\t\t\t\t<div class=\"elementor-widget-container\">\n\t\t\t\t\t\t\t\t\t\t\t\t\t\t<a href=\"https:\/\/www.prb-innovation.com\/machines\/overwrapping-bundling-machines\/far-xe\/\">\n\t\t\t\t\t\t\t<img decoding=\"async\" width=\"1200\" height=\"800\" src=\"https:\/\/www.prb-innovation.com\/wp-content\/uploads\/2023\/04\/far-xe-render.png\" class=\"attachment-full size-full wp-image-2512\" alt=\"\" srcset=\"https:\/\/www.prb-innovation.com\/wp-content\/uploads\/2023\/04\/far-xe-render.png 1200w, https:\/\/www.prb-innovation.com\/wp-content\/uploads\/2023\/04\/far-xe-render-300x200.png 300w, https:\/\/www.prb-innovation.com\/wp-content\/uploads\/2023\/04\/far-xe-render-1024x683.png 1024w, https:\/\/www.prb-innovation.com\/wp-content\/uploads\/2023\/04\/far-xe-render-768x512.png 768w\" sizes=\"(max-width: 1200px) 100vw, 1200px\" \/>\t\t\t\t\t\t\t\t<\/a>\n\t\t\t\t\t\t\t\t\t\t\t\t\t<\/div>\n\t\t\t\t<\/div>\n\t\t\t\t<div class=\"elementor-element elementor-element-d662a85 elementor-align-center elementor-widget elementor-widget-button\" data-id=\"d662a85\" data-element_type=\"widget\" data-widget_type=\"button.default\">\n\t\t\t\t<div class=\"elementor-widget-container\">\n\t\t\t\t\t\t\t<div class=\"elementor-button-wrapper\">\n\t\t\t\t\t<a class=\"elementor-button elementor-button-link elementor-size-lg\" href=\"https:\/\/www.prb-innovation.com\/it\/macchine\/avvolgitrici-fardellatrici\/far-xe\/\">\n\t\t\t\t\t\t<span class=\"elementor-button-content-wrapper\">\n\t\t\t\t\t\t\t\t\t<span class=\"elementor-button-text\">SCOPRI DI PI\u00d9<\/span>\n\t\t\t\t\t<\/span>\n\t\t\t\t\t<\/a>\n\t\t\t\t<\/div>\n\t\t\t\t\t\t<\/div>\n\t\t\t\t<\/div>\n\t\t\t\t\t<\/div>\n\t\t<\/div>\n\t\t\t\t\t<\/div>\n\t\t<\/section>\n\t\t\t\t<section class=\"elementor-section elementor-top-section elementor-element elementor-element-c9c0630 elementor-section-stretched elementor-section-boxed elementor-section-height-default elementor-section-height-default\" data-id=\"c9c0630\" data-element_type=\"section\" data-settings=\"{&quot;stretch_section&quot;:&quot;section-stretched&quot;}\">\n\t\t\t\t\t\t<div class=\"elementor-container elementor-column-gap-default\">\n\t\t\t\t\t<div class=\"elementor-column elementor-col-50 elementor-top-column elementor-element elementor-element-85ea5ed\" data-id=\"85ea5ed\" data-element_type=\"column\">\n\t\t\t<div class=\"elementor-widget-wrap elementor-element-populated\">\n\t\t\t\t\t\t<div class=\"elementor-element elementor-element-8c5ce38 elementor-widget elementor-widget-heading\" data-id=\"8c5ce38\" data-element_type=\"widget\" data-widget_type=\"heading.default\">\n\t\t\t\t<div class=\"elementor-widget-container\">\n\t\t\t<h3 class=\"elementor-heading-title elementor-size-default\">FAR HD<\/h3>\t\t<\/div>\n\t\t\t\t<\/div>\n\t\t\t\t<div class=\"elementor-element elementor-element-2826624 elementor-widget elementor-widget-image\" data-id=\"2826624\" data-element_type=\"widget\" data-widget_type=\"image.default\">\n\t\t\t\t<div class=\"elementor-widget-container\">\n\t\t\t\t\t\t\t\t\t\t\t\t\t\t<a href=\"https:\/\/www.prb-innovation.com\/machines\/overwrapping-bundling-machines\/far-hd\/\">\n\t\t\t\t\t\t\t<img decoding=\"async\" width=\"410\" height=\"275\" src=\"https:\/\/www.prb-innovation.com\/wp-content\/uploads\/2023\/07\/farhd-miniature-new.jpg\" class=\"attachment-full size-full wp-image-2575\" alt=\"\" srcset=\"https:\/\/www.prb-innovation.com\/wp-content\/uploads\/2023\/07\/farhd-miniature-new.jpg 410w, https:\/\/www.prb-innovation.com\/wp-content\/uploads\/2023\/07\/farhd-miniature-new-300x201.jpg 300w\" sizes=\"(max-width: 410px) 100vw, 410px\" \/>\t\t\t\t\t\t\t\t<\/a>\n\t\t\t\t\t\t\t\t\t\t\t\t\t<\/div>\n\t\t\t\t<\/div>\n\t\t\t\t<div class=\"elementor-element elementor-element-2f6d811 elementor-align-center elementor-widget elementor-widget-button\" data-id=\"2f6d811\" data-element_type=\"widget\" data-widget_type=\"button.default\">\n\t\t\t\t<div class=\"elementor-widget-container\">\n\t\t\t\t\t\t\t<div class=\"elementor-button-wrapper\">\n\t\t\t\t\t<a class=\"elementor-button elementor-button-link elementor-size-lg\" href=\"https:\/\/www.prb-innovation.com\/it\/macchine\/avvolgitrici-fardellatrici\/far-hd\/\">\n\t\t\t\t\t\t<span class=\"elementor-button-content-wrapper\">\n\t\t\t\t\t\t\t\t\t<span class=\"elementor-button-text\">SCOPRI DI PI\u00d9<\/span>\n\t\t\t\t\t<\/span>\n\t\t\t\t\t<\/a>\n\t\t\t\t<\/div>\n\t\t\t\t\t\t<\/div>\n\t\t\t\t<\/div>\n\t\t\t\t\t<\/div>\n\t\t<\/div>\n\t\t\t\t<div class=\"elementor-column elementor-col-50 elementor-top-column elementor-element elementor-element-8fa5e71\" data-id=\"8fa5e71\" data-element_type=\"column\">\n\t\t\t<div class=\"elementor-widget-wrap elementor-element-populated\">\n\t\t\t\t\t\t<div class=\"elementor-element elementor-element-75f68fa elementor-widget elementor-widget-heading\" data-id=\"75f68fa\" data-element_type=\"widget\" data-widget_type=\"heading.default\">\n\t\t\t\t<div class=\"elementor-widget-container\">\n\t\t\t<h3 class=\"elementor-heading-title elementor-size-default\">PH951<\/h3>\t\t<\/div>\n\t\t\t\t<\/div>\n\t\t\t\t<div class=\"elementor-element elementor-element-2dde19a elementor-widget elementor-widget-image\" data-id=\"2dde19a\" data-element_type=\"widget\" data-widget_type=\"image.default\">\n\t\t\t\t<div class=\"elementor-widget-container\">\n\t\t\t\t\t\t\t\t\t\t\t\t\t\t<a href=\"https:\/\/www.prb-innovation.com\/machines\/overwrapping-bundling-machines\/ph951\/\">\n\t\t\t\t\t\t\t<img loading=\"lazy\" decoding=\"async\" width=\"1200\" height=\"800\" src=\"https:\/\/www.prb-innovation.com\/wp-content\/uploads\/2023\/08\/far3001-render.png\" class=\"attachment-full size-full wp-image-2579\" alt=\"\" srcset=\"https:\/\/www.prb-innovation.com\/wp-content\/uploads\/2023\/08\/far3001-render.png 1200w, https:\/\/www.prb-innovation.com\/wp-content\/uploads\/2023\/08\/far3001-render-300x200.png 300w, https:\/\/www.prb-innovation.com\/wp-content\/uploads\/2023\/08\/far3001-render-1024x683.png 1024w, https:\/\/www.prb-innovation.com\/wp-content\/uploads\/2023\/08\/far3001-render-768x512.png 768w\" sizes=\"(max-width: 1200px) 100vw, 1200px\" \/>\t\t\t\t\t\t\t\t<\/a>\n\t\t\t\t\t\t\t\t\t\t\t\t\t<\/div>\n\t\t\t\t<\/div>\n\t\t\t\t<div class=\"elementor-element elementor-element-635b0a7 elementor-align-center elementor-widget elementor-widget-button\" data-id=\"635b0a7\" data-element_type=\"widget\" data-widget_type=\"button.default\">\n\t\t\t\t<div class=\"elementor-widget-container\">\n\t\t\t\t\t\t\t<div class=\"elementor-button-wrapper\">\n\t\t\t\t\t<a class=\"elementor-button elementor-button-link elementor-size-lg\" href=\"https:\/\/www.prb-innovation.com\/it\/macchine\/avvolgitrici-fardellatrici\/ph951\/\">\n\t\t\t\t\t\t<span class=\"elementor-button-content-wrapper\">\n\t\t\t\t\t\t\t\t\t<span class=\"elementor-button-text\">SCOPRI DI PI\u00d9<\/span>\n\t\t\t\t\t<\/span>\n\t\t\t\t\t<\/a>\n\t\t\t\t<\/div>\n\t\t\t\t\t\t<\/div>\n\t\t\t\t<\/div>\n\t\t\t\t\t<\/div>\n\t\t<\/div>\n\t\t\t\t\t<\/div>\n\t\t<\/section>\n\t\t\t\t<\/div>\n\t\t","protected":false},"excerpt":{"rendered":"<p>AVVOLGITRICI\/FARDELLATRICI PENTA XE SCOPRI DI PI\u00d9 FAR XE SCOPRI DI PI\u00d9 FAR HD SCOPRI DI PI\u00d9 PH951 SCOPRI DI PI\u00d9<\/p>\n","protected":false},"author":1,"featured_media":0,"parent":2612,"menu_order":0,"comment_status":"closed","ping_status":"closed","template":"","meta":{"footnotes":""},"class_list":["post-2626","page","type-page","status-publish"],"yoast_head":"<!-- This site is optimized with the Yoast SEO plugin v25.4 - https:\/\/yoast.com\/wordpress\/plugins\/seo\/ -->\n<title>Avvolgitrici\/Fardellatrici - PRB Innovation<\/title>\n<meta name=\"description\" content=\"Le nostre macchine avvolgitrici e fardellatrici migliorano l&#039;efficienza delle tue linee gestendo i prodotti in base alle loro specifiche esigenze.\" \/>\n<meta name=\"robots\" content=\"index, follow, max-snippet:-1, max-image-preview:large, max-video-preview:-1\" \/>\n<link rel=\"canonical\" href=\"https:\/\/www.prb-innovation.com\/it\/macchine\/avvolgitrici-fardellatrici\/\" \/>\n<meta property=\"og:locale\" content=\"it_IT\" \/>\n<meta property=\"og:type\" content=\"article\" \/>\n<meta property=\"og:title\" content=\"Avvolgitrici\/Fardellatrici - PRB Innovation\" \/>\n<meta property=\"og:description\" content=\"Le nostre macchine avvolgitrici e fardellatrici migliorano l&#039;efficienza delle tue linee gestendo i prodotti in base alle loro specifiche esigenze.\" \/>\n<meta property=\"og:url\" content=\"https:\/\/www.prb-innovation.com\/it\/macchine\/avvolgitrici-fardellatrici\/\" \/>\n<meta property=\"og:site_name\" content=\"PRB Innovation\" \/>\n<meta property=\"article:modified_time\" content=\"2025-07-11T15:08:45+00:00\" \/>\n<meta property=\"og:image\" content=\"https:\/\/www.prb-innovation.com\/wp-content\/uploads\/2023\/07\/penta-render-new.png\" \/>\n\t<meta property=\"og:image:width\" content=\"1200\" \/>\n\t<meta property=\"og:image:height\" content=\"800\" \/>\n\t<meta property=\"og:image:type\" content=\"image\/png\" \/>\n<meta name=\"twitter:card\" content=\"summary_large_image\" \/>\n<meta name=\"twitter:label1\" content=\"Tempo di lettura stimato\" \/>\n\t<meta name=\"twitter:data1\" content=\"1 minuto\" \/>\n<script type=\"application\/ld+json\" class=\"yoast-schema-graph\">{\"@context\":\"https:\/\/schema.org\",\"@graph\":[{\"@type\":\"WebPage\",\"@id\":\"https:\/\/www.prb-innovation.com\/it\/macchine\/avvolgitrici-fardellatrici\/\",\"url\":\"https:\/\/www.prb-innovation.com\/it\/macchine\/avvolgitrici-fardellatrici\/\",\"name\":\"Avvolgitrici\/Fardellatrici - PRB Innovation\",\"isPartOf\":{\"@id\":\"https:\/\/www.prb-innovation.com\/it\/#website\"},\"primaryImageOfPage\":{\"@id\":\"https:\/\/www.prb-innovation.com\/it\/macchine\/avvolgitrici-fardellatrici\/#primaryimage\"},\"image\":{\"@id\":\"https:\/\/www.prb-innovation.com\/it\/macchine\/avvolgitrici-fardellatrici\/#primaryimage\"},\"thumbnailUrl\":\"https:\/\/www.prb-innovation.com\/wp-content\/uploads\/2023\/07\/penta-render-new.png\",\"datePublished\":\"2023-05-31T07:32:01+00:00\",\"dateModified\":\"2025-07-11T15:08:45+00:00\",\"description\":\"Le nostre macchine avvolgitrici e fardellatrici migliorano l'efficienza delle tue linee gestendo i prodotti in base alle loro specifiche esigenze.\",\"breadcrumb\":{\"@id\":\"https:\/\/www.prb-innovation.com\/it\/macchine\/avvolgitrici-fardellatrici\/#breadcrumb\"},\"inLanguage\":\"it-IT\",\"potentialAction\":[{\"@type\":\"ReadAction\",\"target\":[\"https:\/\/www.prb-innovation.com\/it\/macchine\/avvolgitrici-fardellatrici\/\"]}]},{\"@type\":\"ImageObject\",\"inLanguage\":\"it-IT\",\"@id\":\"https:\/\/www.prb-innovation.com\/it\/macchine\/avvolgitrici-fardellatrici\/#primaryimage\",\"url\":\"https:\/\/www.prb-innovation.com\/wp-content\/uploads\/2023\/07\/penta-render-new.png\",\"contentUrl\":\"https:\/\/www.prb-innovation.com\/wp-content\/uploads\/2023\/07\/penta-render-new.png\"},{\"@type\":\"BreadcrumbList\",\"@id\":\"https:\/\/www.prb-innovation.com\/it\/macchine\/avvolgitrici-fardellatrici\/#breadcrumb\",\"itemListElement\":[{\"@type\":\"ListItem\",\"position\":1,\"name\":\"Home\",\"item\":\"https:\/\/www.prb-innovation.com\/it\/\"},{\"@type\":\"ListItem\",\"position\":2,\"name\":\"Macchine\",\"item\":\"https:\/\/www.prb-innovation.com\/it\/macchine\/\"},{\"@type\":\"ListItem\",\"position\":3,\"name\":\"Avvolgitrici\/Fardellatrici\"}]},{\"@type\":\"WebSite\",\"@id\":\"https:\/\/www.prb-innovation.com\/it\/#website\",\"url\":\"https:\/\/www.prb-innovation.com\/it\/\",\"name\":\"PRB Innovation\",\"description\":\"Packaging solutions for your packaging needs\",\"publisher\":{\"@id\":\"https:\/\/www.prb-innovation.com\/it\/#organization\"},\"potentialAction\":[{\"@type\":\"SearchAction\",\"target\":{\"@type\":\"EntryPoint\",\"urlTemplate\":\"https:\/\/www.prb-innovation.com\/it\/?s={search_term_string}\"},\"query-input\":{\"@type\":\"PropertyValueSpecification\",\"valueRequired\":true,\"valueName\":\"search_term_string\"}}],\"inLanguage\":\"it-IT\"},{\"@type\":\"Organization\",\"@id\":\"https:\/\/www.prb-innovation.com\/it\/#organization\",\"name\":\"PRB Innovation\",\"url\":\"https:\/\/www.prb-innovation.com\/it\/\",\"logo\":{\"@type\":\"ImageObject\",\"inLanguage\":\"it-IT\",\"@id\":\"https:\/\/www.prb-innovation.com\/it\/#\/schema\/logo\/image\/\",\"url\":\"https:\/\/www.prb-innovation.com\/wp-content\/uploads\/2023\/03\/cropped-horizontal.png\",\"contentUrl\":\"https:\/\/www.prb-innovation.com\/wp-content\/uploads\/2023\/03\/cropped-horizontal.png\",\"width\":2000,\"height\":800,\"caption\":\"PRB Innovation\"},\"image\":{\"@id\":\"https:\/\/www.prb-innovation.com\/it\/#\/schema\/logo\/image\/\"}}]}<\/script>\n<!-- \/ Yoast SEO plugin. -->","yoast_head_json":{"title":"Avvolgitrici\/Fardellatrici - PRB Innovation","description":"Le nostre macchine avvolgitrici e fardellatrici migliorano l'efficienza delle tue linee gestendo i prodotti in base alle loro specifiche esigenze.","robots":{"index":"index","follow":"follow","max-snippet":"max-snippet:-1","max-image-preview":"max-image-preview:large","max-video-preview":"max-video-preview:-1"},"canonical":"https:\/\/www.prb-innovation.com\/it\/macchine\/avvolgitrici-fardellatrici\/","og_locale":"it_IT","og_type":"article","og_title":"Avvolgitrici\/Fardellatrici - PRB Innovation","og_description":"Le nostre macchine avvolgitrici e fardellatrici migliorano l'efficienza delle tue linee gestendo i prodotti in base alle loro specifiche esigenze.","og_url":"https:\/\/www.prb-innovation.com\/it\/macchine\/avvolgitrici-fardellatrici\/","og_site_name":"PRB Innovation","article_modified_time":"2025-07-11T15:08:45+00:00","og_image":[{"width":1200,"height":800,"url":"https:\/\/www.prb-innovation.com\/wp-content\/uploads\/2023\/07\/penta-render-new.png","type":"image\/png"}],"twitter_card":"summary_large_image","twitter_misc":{"Tempo di lettura stimato":"1 minuto"},"schema":{"@context":"https:\/\/schema.org","@graph":[{"@type":"WebPage","@id":"https:\/\/www.prb-innovation.com\/it\/macchine\/avvolgitrici-fardellatrici\/","url":"https:\/\/www.prb-innovation.com\/it\/macchine\/avvolgitrici-fardellatrici\/","name":"Avvolgitrici\/Fardellatrici - PRB Innovation","isPartOf":{"@id":"https:\/\/www.prb-innovation.com\/it\/#website"},"primaryImageOfPage":{"@id":"https:\/\/www.prb-innovation.com\/it\/macchine\/avvolgitrici-fardellatrici\/#primaryimage"},"image":{"@id":"https:\/\/www.prb-innovation.com\/it\/macchine\/avvolgitrici-fardellatrici\/#primaryimage"},"thumbnailUrl":"https:\/\/www.prb-innovation.com\/wp-content\/uploads\/2023\/07\/penta-render-new.png","datePublished":"2023-05-31T07:32:01+00:00","dateModified":"2025-07-11T15:08:45+00:00","description":"Le nostre macchine avvolgitrici e fardellatrici migliorano l'efficienza delle tue linee gestendo i prodotti in base alle loro specifiche esigenze.","breadcrumb":{"@id":"https:\/\/www.prb-innovation.com\/it\/macchine\/avvolgitrici-fardellatrici\/#breadcrumb"},"inLanguage":"it-IT","potentialAction":[{"@type":"ReadAction","target":["https:\/\/www.prb-innovation.com\/it\/macchine\/avvolgitrici-fardellatrici\/"]}]},{"@type":"ImageObject","inLanguage":"it-IT","@id":"https:\/\/www.prb-innovation.com\/it\/macchine\/avvolgitrici-fardellatrici\/#primaryimage","url":"https:\/\/www.prb-innovation.com\/wp-content\/uploads\/2023\/07\/penta-render-new.png","contentUrl":"https:\/\/www.prb-innovation.com\/wp-content\/uploads\/2023\/07\/penta-render-new.png"},{"@type":"BreadcrumbList","@id":"https:\/\/www.prb-innovation.com\/it\/macchine\/avvolgitrici-fardellatrici\/#breadcrumb","itemListElement":[{"@type":"ListItem","position":1,"name":"Home","item":"https:\/\/www.prb-innovation.com\/it\/"},{"@type":"ListItem","position":2,"name":"Macchine","item":"https:\/\/www.prb-innovation.com\/it\/macchine\/"},{"@type":"ListItem","position":3,"name":"Avvolgitrici\/Fardellatrici"}]},{"@type":"WebSite","@id":"https:\/\/www.prb-innovation.com\/it\/#website","url":"https:\/\/www.prb-innovation.com\/it\/","name":"PRB Innovation","description":"Packaging solutions for your packaging needs","publisher":{"@id":"https:\/\/www.prb-innovation.com\/it\/#organization"},"potentialAction":[{"@type":"SearchAction","target":{"@type":"EntryPoint","urlTemplate":"https:\/\/www.prb-innovation.com\/it\/?s={search_term_string}"},"query-input":{"@type":"PropertyValueSpecification","valueRequired":true,"valueName":"search_term_string"}}],"inLanguage":"it-IT"},{"@type":"Organization","@id":"https:\/\/www.prb-innovation.com\/it\/#organization","name":"PRB Innovation","url":"https:\/\/www.prb-innovation.com\/it\/","logo":{"@type":"ImageObject","inLanguage":"it-IT","@id":"https:\/\/www.prb-innovation.com\/it\/#\/schema\/logo\/image\/","url":"https:\/\/www.prb-innovation.com\/wp-content\/uploads\/2023\/03\/cropped-horizontal.png","contentUrl":"https:\/\/www.prb-innovation.com\/wp-content\/uploads\/2023\/03\/cropped-horizontal.png","width":2000,"height":800,"caption":"PRB Innovation"},"image":{"@id":"https:\/\/www.prb-innovation.com\/it\/#\/schema\/logo\/image\/"}}]}},"_links":{"self":[{"href":"https:\/\/www.prb-innovation.com\/it\/wp-json\/wp\/v2\/pages\/2626","targetHints":{"allow":["GET"]}}],"collection":[{"href":"https:\/\/www.prb-innovation.com\/it\/wp-json\/wp\/v2\/pages"}],"about":[{"href":"https:\/\/www.prb-innovation.com\/it\/wp-json\/wp\/v2\/types\/page"}],"author":[{"embeddable":true,"href":"https:\/\/www.prb-innovation.com\/it\/wp-json\/wp\/v2\/users\/1"}],"replies":[{"embeddable":true,"href":"https:\/\/www.prb-innovation.com\/it\/wp-json\/wp\/v2\/comments?post=2626"}],"version-history":[{"count":10,"href":"https:\/\/www.prb-innovation.com\/it\/wp-json\/wp\/v2\/pages\/2626\/revisions"}],"predecessor-version":[{"id":2922,"href":"https:\/\/www.prb-innovation.com\/it\/wp-json\/wp\/v2\/pages\/2626\/revisions\/2922"}],"up":[{"embeddable":true,"href":"https:\/\/www.prb-innovation.com\/it\/wp-json\/wp\/v2\/pages\/2612"}],"wp:attachment":[{"href":"https:\/\/www.prb-innovation.com\/it\/wp-json\/wp\/v2\/media?parent=2626"}],"curies":[{"name":"wp","href":"https:\/\/api.w.org\/{rel}","templated":true}]}}